{"id":1215,"date":"2021-05-11T12:46:03","date_gmt":"2021-05-11T17:46:03","guid":{"rendered":"https:\/\/dagamedia.com\/?page_id=1215"},"modified":"2021-05-13T12:35:13","modified_gmt":"2021-05-13T17:35:13","slug":"diseno-de-personajes","status":"publish","type":"page","link":"https:\/\/dagamedia.com\/index.php\/diseno-de-personajes\/","title":{"rendered":"Dise\u00f1o de personajes"},"content":{"rendered":"\t\t<div data-elementor-type=\"wp-page\" data-elementor-id=\"1215\" class=\"elementor elementor-1215\">\n\t\t\t\t\t\t<section class=\"elementor-section elementor-top-section elementor-element elementor-element-b0ef9d3 elementor-section-height-min-height elementor-section-boxed elementor-section-height-default elementor-section-items-middle\" data-id=\"b0ef9d3\" data-element_type=\"section\" data-settings=\"{&quot;background_background&quot;:&quot;classic&quot;}\">\n\t\t\t\t\t\t<div class=\"elementor-container elementor-column-gap-default\">\n\t\t\t\t\t<div class=\"elementor-column elementor-col-50 elementor-top-column elementor-element elementor-element-cc4d9b7\" data-id=\"cc4d9b7\" data-element_type=\"column\">\n\t\t\t<div class=\"elementor-widget-wrap elementor-element-populated\">\n\t\t\t\t\t\t<div class=\"elementor-element elementor-element-d36cb1e elementor-widget elementor-widget-spacer\" data-id=\"d36cb1e\" data-element_type=\"widget\" data-widget_type=\"spacer.default\">\n\t\t\t\t<div class=\"elementor-widget-container\">\n\t\t\t\t\t\t\t<div class=\"elementor-spacer\">\n\t\t\t<div class=\"elementor-spacer-inner\"><\/div>\n\t\t<\/div>\n\t\t\t\t\t\t<\/div>\n\t\t\t\t<\/div>\n\t\t\t\t<div class=\"elementor-element elementor-element-ed656f2 elementor-widget elementor-widget-heading\" data-id=\"ed656f2\" data-element_type=\"widget\" data-widget_type=\"heading.default\">\n\t\t\t\t<div class=\"elementor-widget-container\">\n\t\t\t\t\t<h1 class=\"elementor-heading-title elementor-size-xl\">Dise\u00f1o de personajes<\/h1>\t\t\t\t<\/div>\n\t\t\t\t<\/div>\n\t\t\t\t<div class=\"elementor-element elementor-element-f4ed919 elementor-widget elementor-widget-spacer\" data-id=\"f4ed919\" data-element_type=\"widget\" data-widget_type=\"spacer.default\">\n\t\t\t\t<div class=\"elementor-widget-container\">\n\t\t\t\t\t\t\t<div class=\"elementor-spacer\">\n\t\t\t<div class=\"elementor-spacer-inner\"><\/div>\n\t\t<\/div>\n\t\t\t\t\t\t<\/div>\n\t\t\t\t<\/div>\n\t\t\t\t\t<\/div>\n\t\t<\/div>\n\t\t\t\t<div class=\"elementor-column elementor-col-50 elementor-top-column elementor-element elementor-element-32a8f59d\" data-id=\"32a8f59d\" data-element_type=\"column\">\n\t\t\t<div class=\"elementor-widget-wrap\">\n\t\t\t\t\t\t\t<\/div>\n\t\t<\/div>\n\t\t\t\t\t<\/div>\n\t\t<\/section>\n\t\t\t\t<section class=\"elementor-section elementor-top-section elementor-element elementor-element-f768b31 elementor-section-boxed elementor-section-height-default elementor-section-height-default\" data-id=\"f768b31\" data-element_type=\"section\">\n\t\t\t\t\t\t<div class=\"elementor-container elementor-column-gap-default\">\n\t\t\t\t\t<div class=\"elementor-column elementor-col-100 elementor-top-column elementor-element elementor-element-82a9506\" data-id=\"82a9506\" data-element_type=\"column\">\n\t\t\t<div class=\"elementor-widget-wrap elementor-element-populated\">\n\t\t\t\t\t\t<div class=\"elementor-element elementor-element-11d9e87 elementor-widget elementor-widget-spacer\" data-id=\"11d9e87\" data-element_type=\"widget\" data-widget_type=\"spacer.default\">\n\t\t\t\t<div class=\"elementor-widget-container\">\n\t\t\t\t\t\t\t<div class=\"elementor-spacer\">\n\t\t\t<div class=\"elementor-spacer-inner\"><\/div>\n\t\t<\/div>\n\t\t\t\t\t\t<\/div>\n\t\t\t\t<\/div>\n\t\t\t\t<div class=\"elementor-element elementor-element-6835443 elementor-widget elementor-widget-heading\" data-id=\"6835443\" data-element_type=\"widget\" data-widget_type=\"heading.default\">\n\t\t\t\t<div class=\"elementor-widget-container\">\n\t\t\t\t\t<h2 class=\"elementor-heading-title elementor-size-default\">Todo empieza con un trazo<\/h2>\t\t\t\t<\/div>\n\t\t\t\t<\/div>\n\t\t\t\t<div class=\"elementor-element elementor-element-4612ff5 elementor-widget elementor-widget-text-editor\" data-id=\"4612ff5\" data-element_type=\"widget\" data-widget_type=\"text-editor.default\">\n\t\t\t\t<div class=\"elementor-widget-container\">\n\t\t\t\t\t\t\t\t\t<p>En esta secci\u00f3n podr\u00e1s ver algunos dise\u00f1os con su proceso de elaboraci\u00f3n, luego video con su explicaci\u00f3n, esta incre\u00edble.<\/p>\t\t\t\t\t\t\t\t<\/div>\n\t\t\t\t<\/div>\n\t\t\t\t<div class=\"elementor-element elementor-element-b3a5dc9 elementor-widget elementor-widget-spacer\" data-id=\"b3a5dc9\" data-element_type=\"widget\" data-widget_type=\"spacer.default\">\n\t\t\t\t<div class=\"elementor-widget-container\">\n\t\t\t\t\t\t\t<div class=\"elementor-spacer\">\n\t\t\t<div class=\"elementor-spacer-inner\"><\/div>\n\t\t<\/div>\n\t\t\t\t\t\t<\/div>\n\t\t\t\t<\/div>\n\t\t\t\t\t<\/div>\n\t\t<\/div>\n\t\t\t\t\t<\/div>\n\t\t<\/section>\n\t\t\t\t<section class=\"elementor-section elementor-top-section elementor-element elementor-element-1ce2717 elementor-section-boxed elementor-section-height-default elementor-section-height-default\" data-id=\"1ce2717\" data-element_type=\"section\">\n\t\t\t\t\t\t<div class=\"elementor-container elementor-column-gap-default\">\n\t\t\t\t\t<div class=\"elementor-column elementor-col-25 elementor-top-column elementor-element elementor-element-abb4247\" data-id=\"abb4247\" data-element_type=\"column\">\n\t\t\t<div class=\"elementor-widget-wrap elementor-element-populated\">\n\t\t\t\t\t\t<div class=\"elementor-element elementor-element-2627908 elementor-widget elementor-widget-image\" data-id=\"2627908\" data-element_type=\"widget\" data-widget_type=\"image.default\">\n\t\t\t\t<div class=\"elementor-widget-container\">\n\t\t\t\t\t\t\t\t\t\t\t\t<figure class=\"wp-caption\">\n\t\t\t\t\t\t\t\t\t\t<img fetchpriority=\"high\" decoding=\"async\" width=\"480\" height=\"443\" src=\"https:\/\/dagamedia.com\/wp-content\/uploads\/2021\/05\/Soldado_uno.jpg\" class=\"attachment-large size-large wp-image-1233\" alt=\"Boceto 2D\" srcset=\"https:\/\/dagamedia.com\/wp-content\/uploads\/2021\/05\/Soldado_uno.jpg 480w, https:\/\/dagamedia.com\/wp-content\/uploads\/2021\/05\/Soldado_uno-300x277.jpg 300w\" sizes=\"(max-width: 480px) 100vw, 480px\" \/>\t\t\t\t\t\t\t\t\t\t\t<figcaption class=\"widget-image-caption wp-caption-text\">Un trazo libre dar\u00e1 una mejor expresi\u00f3n, lo m\u00e1s importante ac\u00e1 es la proporci\u00f3n y el movimiento.<\/figcaption>\n\t\t\t\t\t\t\t\t\t\t<\/figure>\n\t\t\t\t\t\t\t\t\t<\/div>\n\t\t\t\t<\/div>\n\t\t\t\t<div class=\"elementor-element elementor-element-0b99b34 elementor-widget elementor-widget-spacer\" data-id=\"0b99b34\" data-element_type=\"widget\" data-widget_type=\"spacer.default\">\n\t\t\t\t<div class=\"elementor-widget-container\">\n\t\t\t\t\t\t\t<div class=\"elementor-spacer\">\n\t\t\t<div class=\"elementor-spacer-inner\"><\/div>\n\t\t<\/div>\n\t\t\t\t\t\t<\/div>\n\t\t\t\t<\/div>\n\t\t\t\t\t<\/div>\n\t\t<\/div>\n\t\t\t\t<div class=\"elementor-column elementor-col-25 elementor-top-column elementor-element elementor-element-a652162\" data-id=\"a652162\" data-element_type=\"column\">\n\t\t\t<div class=\"elementor-widget-wrap elementor-element-populated\">\n\t\t\t\t\t\t<div class=\"elementor-element elementor-element-c2056fa elementor-widget elementor-widget-image\" data-id=\"c2056fa\" data-element_type=\"widget\" data-widget_type=\"image.default\">\n\t\t\t\t<div class=\"elementor-widget-container\">\n\t\t\t\t\t\t\t\t\t\t\t\t<figure class=\"wp-caption\">\n\t\t\t\t\t\t\t\t\t\t<img decoding=\"async\" width=\"480\" height=\"443\" src=\"https:\/\/dagamedia.com\/wp-content\/uploads\/2021\/05\/Soldado_dos.jpg\" class=\"attachment-large size-large wp-image-1234\" alt=\"Boceto_Animaci\u00f3n\" srcset=\"https:\/\/dagamedia.com\/wp-content\/uploads\/2021\/05\/Soldado_dos.jpg 480w, https:\/\/dagamedia.com\/wp-content\/uploads\/2021\/05\/Soldado_dos-300x277.jpg 300w\" sizes=\"(max-width: 480px) 100vw, 480px\" \/>\t\t\t\t\t\t\t\t\t\t\t<figcaption class=\"widget-image-caption wp-caption-text\">Agrega un poco de detalle a las forma.<\/figcaption>\n\t\t\t\t\t\t\t\t\t\t<\/figure>\n\t\t\t\t\t\t\t\t\t<\/div>\n\t\t\t\t<\/div>\n\t\t\t\t\t<\/div>\n\t\t<\/div>\n\t\t\t\t<div class=\"elementor-column elementor-col-25 elementor-top-column elementor-element elementor-element-e8f293c\" data-id=\"e8f293c\" data-element_type=\"column\">\n\t\t\t<div class=\"elementor-widget-wrap elementor-element-populated\">\n\t\t\t\t\t\t<div class=\"elementor-element elementor-element-9c58ec3 elementor-widget elementor-widget-image\" data-id=\"9c58ec3\" data-element_type=\"widget\" data-widget_type=\"image.default\">\n\t\t\t\t<div class=\"elementor-widget-container\">\n\t\t\t\t\t\t\t\t\t\t\t\t<figure class=\"wp-caption\">\n\t\t\t\t\t\t\t\t\t\t<img decoding=\"async\" width=\"480\" height=\"443\" src=\"https:\/\/dagamedia.com\/wp-content\/uploads\/2021\/05\/Soldado_tres.jpg\" class=\"attachment-large size-large wp-image-1236\" alt=\"Boceto_dibujo\" srcset=\"https:\/\/dagamedia.com\/wp-content\/uploads\/2021\/05\/Soldado_tres.jpg 480w, https:\/\/dagamedia.com\/wp-content\/uploads\/2021\/05\/Soldado_tres-300x277.jpg 300w\" sizes=\"(max-width: 480px) 100vw, 480px\" \/>\t\t\t\t\t\t\t\t\t\t\t<figcaption class=\"widget-image-caption wp-caption-text\">Es momento de perfeccionar la l\u00ednea, dibuja los detalles, hazlo en diferentes capas.<\/figcaption>\n\t\t\t\t\t\t\t\t\t\t<\/figure>\n\t\t\t\t\t\t\t\t\t<\/div>\n\t\t\t\t<\/div>\n\t\t\t\t\t<\/div>\n\t\t<\/div>\n\t\t\t\t<div class=\"elementor-column elementor-col-25 elementor-top-column elementor-element elementor-element-8b20af8\" data-id=\"8b20af8\" data-element_type=\"column\">\n\t\t\t<div class=\"elementor-widget-wrap elementor-element-populated\">\n\t\t\t\t\t\t<div class=\"elementor-element elementor-element-92084f5 elementor-widget elementor-widget-image\" data-id=\"92084f5\" data-element_type=\"widget\" data-widget_type=\"image.default\">\n\t\t\t\t<div class=\"elementor-widget-container\">\n\t\t\t\t\t\t\t\t\t\t\t\t<figure class=\"wp-caption\">\n\t\t\t\t\t\t\t\t\t\t<img loading=\"lazy\" decoding=\"async\" width=\"480\" height=\"443\" src=\"https:\/\/dagamedia.com\/wp-content\/uploads\/2021\/05\/Soldado_cuatro.jpg\" class=\"attachment-large size-large wp-image-1235\" alt=\"Boceto_Aprender_Dibujo\" srcset=\"https:\/\/dagamedia.com\/wp-content\/uploads\/2021\/05\/Soldado_cuatro.jpg 480w, https:\/\/dagamedia.com\/wp-content\/uploads\/2021\/05\/Soldado_cuatro-300x277.jpg 300w\" sizes=\"(max-width: 480px) 100vw, 480px\" \/>\t\t\t\t\t\t\t\t\t\t\t<figcaption class=\"widget-image-caption wp-caption-text\">Las fuentes de luz son muy importantes, elige bien tu paleta de color, piensa en volumen.<\/figcaption>\n\t\t\t\t\t\t\t\t\t\t<\/figure>\n\t\t\t\t\t\t\t\t\t<\/div>\n\t\t\t\t<\/div>\n\t\t\t\t<div class=\"elementor-element elementor-element-9a2951a elementor-widget elementor-widget-text-editor\" data-id=\"9a2951a\" data-element_type=\"widget\" data-widget_type=\"text-editor.default\">\n\t\t\t\t<div class=\"elementor-widget-container\">\n\t\t\t\t\t\t\t\t\t<p>Ilustrador: Alejandro Suesc\u00fan.<\/p>\t\t\t\t\t\t\t\t<\/div>\n\t\t\t\t<\/div>\n\t\t\t\t\t<\/div>\n\t\t<\/div>\n\t\t\t\t\t<\/div>\n\t\t<\/section>\n\t\t\t\t<section class=\"elementor-section elementor-top-section elementor-element elementor-element-dc9855d elementor-section-full_width elementor-section-height-default elementor-section-height-default\" data-id=\"dc9855d\" data-element_type=\"section\">\n\t\t\t\t\t\t<div class=\"elementor-container elementor-column-gap-no\">\n\t\t\t\t\t<div class=\"elementor-column elementor-col-100 elementor-top-column elementor-element elementor-element-fc172bb\" data-id=\"fc172bb\" data-element_type=\"column\">\n\t\t\t<div class=\"elementor-widget-wrap elementor-element-populated\">\n\t\t\t\t\t\t<div class=\"elementor-element elementor-element-bdb68c4 elementor-widget elementor-widget-image\" data-id=\"bdb68c4\" data-element_type=\"widget\" data-widget_type=\"image.default\">\n\t\t\t\t<div class=\"elementor-widget-container\">\n\t\t\t\t\t\t\t\t\t\t\t\t\t\t\t<img loading=\"lazy\" decoding=\"async\" width=\"1920\" height=\"702\" src=\"https:\/\/dagamedia.com\/wp-content\/uploads\/2021\/05\/Tundama_Comic.jpg\" class=\"attachment-full size-full wp-image-1308\" alt=\"Tundama comic\" srcset=\"https:\/\/dagamedia.com\/wp-content\/uploads\/2021\/05\/Tundama_Comic.jpg 1920w, https:\/\/dagamedia.com\/wp-content\/uploads\/2021\/05\/Tundama_Comic-300x110.jpg 300w, https:\/\/dagamedia.com\/wp-content\/uploads\/2021\/05\/Tundama_Comic-1024x374.jpg 1024w, https:\/\/dagamedia.com\/wp-content\/uploads\/2021\/05\/Tundama_Comic-768x281.jpg 768w, https:\/\/dagamedia.com\/wp-content\/uploads\/2021\/05\/Tundama_Comic-1536x562.jpg 1536w\" sizes=\"(max-width: 1920px) 100vw, 1920px\" \/>\t\t\t\t\t\t\t\t\t\t\t\t\t\t\t<\/div>\n\t\t\t\t<\/div>\n\t\t\t\t\t<\/div>\n\t\t<\/div>\n\t\t\t\t\t<\/div>\n\t\t<\/section>\n\t\t\t\t<\/div>\n\t\t","protected":false},"excerpt":{"rendered":"<p>Dise\u00f1o de personajes Todo empieza con un trazo En esta secci\u00f3n podr\u00e1s ver algunos dise\u00f1os con su proceso de elaboraci\u00f3n, luego video con su explicaci\u00f3n, esta incre\u00edble. Un trazo libre dar\u00e1 una mejor expresi\u00f3n, lo m\u00e1s importante ac\u00e1 es la proporci\u00f3n y el movimiento. Agrega un poco de detalle a las forma. Es momento de [&hellip;]<\/p>\n","protected":false},"author":1,"featured_media":0,"parent":0,"menu_order":0,"comment_status":"closed","ping_status":"closed","template":"elementor_header_footer","meta":{"footnotes":""},"class_list":["post-1215","page","type-page","status-publish","hentry"],"_links":{"self":[{"href":"https:\/\/dagamedia.com\/index.php\/wp-json\/wp\/v2\/pages\/1215","targetHints":{"allow":["GET"]}}],"collection":[{"href":"https:\/\/dagamedia.com\/index.php\/wp-json\/wp\/v2\/pages"}],"about":[{"href":"https:\/\/dagamedia.com\/index.php\/wp-json\/wp\/v2\/types\/page"}],"author":[{"embeddable":true,"href":"https:\/\/dagamedia.com\/index.php\/wp-json\/wp\/v2\/users\/1"}],"replies":[{"embeddable":true,"href":"https:\/\/dagamedia.com\/index.php\/wp-json\/wp\/v2\/comments?post=1215"}],"version-history":[{"count":49,"href":"https:\/\/dagamedia.com\/index.php\/wp-json\/wp\/v2\/pages\/1215\/revisions"}],"predecessor-version":[{"id":1314,"href":"https:\/\/dagamedia.com\/index.php\/wp-json\/wp\/v2\/pages\/1215\/revisions\/1314"}],"wp:attachment":[{"href":"https:\/\/dagamedia.com\/index.php\/wp-json\/wp\/v2\/media?parent=1215"}],"curies":[{"name":"wp","href":"https:\/\/api.w.org\/{rel}","templated":true}]}}